{"id":2553,"date":"2022-03-15T15:21:07","date_gmt":"2022-03-15T14:21:07","guid":{"rendered":"https:\/\/www.hotel-concorde.de\/relaunch\/?page_id=2553"},"modified":"2024-03-07T08:58:26","modified_gmt":"2024-03-07T07:58:26","slug":"impressum","status":"publish","type":"page","link":"https:\/\/www.hotel-concorde.de\/relaunch\/impressum\/","title":{"rendered":"Impressum"},"content":{"rendered":"\t\t<div data-elementor-type=\"wp-page\" data-elementor-id=\"2553\" class=\"elementor elementor-2553\" data-elementor-post-type=\"page\">\n\t\t\t\t\t\t<section class=\"elementor-section elementor-top-section elementor-element elementor-element-6fb9afb elementor-section-boxed elementor-section-height-default elementor-section-height-default\" data-id=\"6fb9afb\" data-element_type=\"section\" data-e-type=\"section\" data-settings=\"{&quot;hoteller_ext_is_background_parallax&quot;:&quot;false&quot;,&quot;hoteller_ext_is_background_on_scroll&quot;:&quot;false&quot;}\">\n\t\t\t\t\t\t<div class=\"elementor-container elementor-column-gap-default\">\n\t\t\t\t\t<div class=\"elementor-column elementor-col-100 elementor-top-column elementor-element elementor-element-81d1275\" data-id=\"81d1275\" data-element_type=\"column\" data-e-type=\"column\" data-settings=\"{&quot;hoteller_ext_link_sidemenu&quot;:&quot;false&quot;,&quot;hoteller_ext_link_fullmenu&quot;:&quot;false&quot;,&quot;hoteller_ext_link_closed_fullmenu&quot;:&quot;false&quot;,&quot;hoteller_ext_is_scrollme&quot;:&quot;false&quot;,&quot;hoteller_ext_is_smoove&quot;:&quot;false&quot;,&quot;hoteller_ext_is_parallax_mouse&quot;:&quot;false&quot;,&quot;hoteller_ext_is_infinite&quot;:&quot;false&quot;,&quot;hoteller_ext_is_fadeout_animation&quot;:&quot;false&quot;,&quot;hoteller_ext_mobile_static&quot;:&quot;false&quot;}\">\n\t\t\t<div class=\"elementor-widget-wrap elementor-element-populated\">\n\t\t\t\t\t\t<div class=\"elementor-element elementor-element-a5595b3 elementor-widget elementor-widget-text-editor\" data-id=\"a5595b3\" data-element_type=\"widget\" data-e-type=\"widget\" data-settings=\"{&quot;hoteller_ext_link_sidemenu&quot;:&quot;false&quot;,&quot;hoteller_ext_link_fullmenu&quot;:&quot;false&quot;,&quot;hoteller_ext_link_closed_fullmenu&quot;:&quot;false&quot;,&quot;hoteller_ext_is_scrollme&quot;:&quot;false&quot;,&quot;hoteller_ext_is_smoove&quot;:&quot;false&quot;,&quot;hoteller_ext_is_parallax_mouse&quot;:&quot;false&quot;,&quot;hoteller_ext_is_infinite&quot;:&quot;false&quot;,&quot;hoteller_ext_is_fadeout_animation&quot;:&quot;false&quot;,&quot;hoteller_ext_mobile_static&quot;:&quot;false&quot;}\" data-widget_type=\"text-editor.default\">\n\t\t\t\t<div class=\"elementor-widget-container\">\n\t\t\t\t\t\t\t\t\t<h1><span style=\"font-size: 17px; letter-spacing: 0px;\">Angaben gem\u00e4\u00df \u00a7 5 TMG:<\/span><\/h1>\n<div>\n\nHotel Concorde GmbH &amp; Co. KG\n<div>Am Bahnhof\n65812 Bad Soden<\/div>\n&nbsp;\n\nGesch\u00e4ftsf\u00fchrung:\n<span style=\"font-size: 15px; letter-spacing: 0px;\">Andrea Weigand &amp; Irene Marx<\/span>\n\n&nbsp;\n<h2>Kontakt:<\/h2>\n<table class=\"mceItemTable\">\n<tbody>\n<tr>\n<td>Telefon:<\/td>\n<td>06196 \/ 209 -0<\/td>\n<\/tr>\n<tr>\n<td>Telefax:<\/td>\n<td>06196 \/ 270 75<\/td>\n<\/tr>\n<tr>\n<td>E-Mail:<\/td>\n<td><a href=\"mailto:info@hotel-concorde.de\">info@hotel-concorde.de<\/a><\/td>\n<\/tr>\n<\/tbody>\n<\/table>\n<\/div>\n<h2>Registereintrag:<\/h2>\nEintragung im Handelsregister.\nRegistergericht:Finanzamt Hofheim\nRegisternummer: HRA 3612\n<h2>Umsatzsteuer-ID:<\/h2>\nUmsatzsteuer-Identifikationsnummer gem\u00e4\u00df \u00a727 a Umsatzsteuergesetz:\nDE 296 062 299\n<h2>Programmierung und Online Marketing:<\/h2>\nDie Seite wird betreut durch die <a href=\"https:\/\/www.hello-performance.de\" target=\"_blank\" rel=\"noopener\">Hello Performance GmbH<\/a> (Web-L\u00f6sungen und Online Marketing)\n\n<img decoding=\"async\" src=\"https:\/\/www.hello-performance.de\/wp-content\/uploads\/2019\/08\/cropped-hello-performance-frankfurt-logo-blue.png\" width=\"175\" \/>\n\n&nbsp;\n<h2>Quelle Bilder<\/h2>\nFotografie Anne <a href=\"http:\/\/www.fotografie-anne.de\" target=\"_blank\" rel=\"noopener\">http:\/\/www.fotografie-anne.de<\/a>\nBild: &#8222;Hugo&#8220;, sommerlicher Cocktail \u00a9 Johanna M\u00fchlbauer \u2013 Fotolia.com\nBild: Alarm clock on table over vintage background \u00a9 didecs \u2013 Fotolia.com\nBild: Alte Oper in Frankfurt \u00a9 Fotolyse\u2013 Fotolia.com\nBild: Attractive elegant young people drinking a cocktail \u00a9 pio3 \u2013 Fotolia.com\nBild: Auf dem Weg \u00a9 J\u00fcrgen F\u00e4lchle\u2013 Fotolia.com\nBild: Auszeit \u00a9 drubig-photo \u2013 Fotolia.com\nBild: Bad Hindelang Oberjoch \u00a9 flashpics \u2013 Fotolia.com\nBild: Bad Soden \u00a9 Jorg Hackemann \u2013 Shutterstock.com\nBild: Banner sign woman peeking over edge \u00a9 Maridav\u2013 Fotolia.com\nBild: Beautiful couple gettig deep back massage \u00a9 Valua Vitaly\u2013 Fotolia.com\nBild: Bike \u00a9 Dubarev Mikhail \u2013 Fotolia.com\nBild: B\u00fcdinger Schlosspark \u00a9 luisa10 \u2013 Fotolia.com\nBild: Christmas Market Stars \u00a9 Matthias Enter \u2013 Fotolia.com\nBild: Couple in spa \u00a9 Syda Productions \u2013 Fotolia.com\nBild: Fahrrad mit Blumen \u00a9 Petra K! \u2013 Fotolia.com\nBild: Family cycling outdoors in summer \u00a9 Kzenon \u2013 Fotolia.com\nBild: Frankfurt City am Main \u00a9 fotoprodukte\u2013 Fotolia.com\nBild: Girls with shopping bags in city \u00a9 Syda Productions \u2013 Fotolia.com\nBild: Group of teenagers looking down \u00a9 Syda Productions \u2013 Shutterstock.com\nBild: Happy couple in bed \u00a9 Syda Productions \u2013 Shutterstock.com\nBild: Huldigt dem Apfel! Original Frankfurter Bembel \u00a9 mojolo\u2013 Fotolia.com\nBild: Image of two young businessmen using touchpad at meeting \u00a9 Pressmaster \u2013 Shutterstock.com\nBild: IMG_8012 \u00a9 Christophe Fouquin\u2013 Fotolia.com\nBild: Karaffe mit Wasser \u00a9 Esther Hildebrandt \u2013 Fotolia.com\nBild: Lavendel mit Schiefertafel, Ruhe und Entspannung und Kerze \u00a9 stockWERK \u2013 Fotolia.com\nBild: Lila Serviettenring \u00a9 Esther Hildebrandt\u2013 Fotolia.com\nBild: Motorbike \u00a9 lassedesignen \u2013 Fotolia.com\nBild: Portion of sesame chicken served on a white plate \u00a9 Shebeko &#8211; Shutterstock\nBild: Portrait of a relaxed young woman using laptop in bed at home \u00a9 wavebreakmedia \u2013 Shutterstock.com\nBild: Portrait Of Happy Family In Garden \u00a9 Monkey Business Images \u2013 Shutterstock.com\nBild: Sommerfest \u00a9 Schulz-Design \u2013 Fotolia.com\nBild: Spa still life \u00a9 lily \u2013 Fotolia.com\nBild: Two Young Tourists With Backpacks Sightseeing City \u00a9 zeljkodan \u2013 Shutterstock.com\nBild: Verkaufsstand am Weihnachtsmarkt \u00a9 Smileus \u2013 Fotolia.com\nBild: Weihnachtsmarkt \u00a9 Blickfang \u2013 Fotolia.com\nBild: Windlicht mit Kr\u00e4utern im Garten \u00a9 Marina Lohrbach \u2013 Fotolia.com\nBild: Young Couple Driving Along Country Road In Open Top Car \u00a9 Monkey Business Images \u2013 Shutterstock.com\nBild: Young woman or her legs in a cabriolet \u00a9 Kzenon\u2013 Fotolia.com\nBild: Burg Ehrenfels zwieschen R\u00fcdesheim und Assmannshausen (Oktober 2015) \u00a9 Branko Srot\nBild: Paar macht Urlaub im Hotel und lacht gl\u00fccklich \u00a9 Robert Kneschke\nBild: Staying connected. \u00a9 gstockstudio\nIcon: Bicycle created by Pierre-Luc Auclaire from the Noun Project\nIcon: Conference created by Krish from the Noun Project\nIcon: Dog created by Tom J Hume from the Noun Project\nIcon: Parking createt by Ahmed Elzahra from the Noun Project\n\nQuelle: <i><a href=\"http:\/\/www.e-recht24.de\" rel=\"nofollow\">http:\/\/www.e-recht24.de<\/a><\/i>\n\n&nbsp;\n<h3>Haftungsausschluss (Disclaimer)<\/h3>\n&nbsp;\n\n<b>Haftung f\u00fcr Inhalte<\/b>\n\nAls Diensteanbieter sind wir gem\u00e4\u00df \u00a7 7 Abs.1 TMG f\u00fcr eigene Inhalte auf diesen Seiten nach den allgemeinen Gesetzen verantwortlich. Nach \u00a7\u00a7 8 bis 10 TMG sind wir als Diensteanbieter jedoch nicht verpflichtet, \u00fcbermittelte oder gespeicherte fremde Informationen zu \u00fcberwachen oder nach Umst\u00e4nden zu forschen, die auf eine rechtswidrige T\u00e4tigkeit hinweisen. Verpflichtungen zur Entfernung oder Sperrung der Nutzung von Informationen nach den allgemeinen Gesetzen bleiben hiervon unber\u00fchrt. Eine diesbez\u00fcgliche Haftung ist jedoch erst ab dem Zeitpunkt der Kenntnis einer konkreten Rechtsverletzung m\u00f6glich. Bei Bekanntwerden von entsprechenden Rechtsverletzungen werden wir diese Inhalte umgehend entfernen.\n\n<b>Haftung f\u00fcr Links<\/b>\n\nUnser Angebot enth\u00e4lt Links zu externen Webseiten Dritter, auf deren Inhalte wir keinen Einfluss haben. Deshalb k\u00f6nnen wir f\u00fcr diese fremden Inhalte auch keine Gew\u00e4hr \u00fcbernehmen. F\u00fcr die Inhalte der verlinkten Seiten ist stets der jeweilige Anbieter oder Betreiber der Seiten verantwortlich. Die verlinkten Seiten wurden zum Zeitpunkt der Verlinkung auf m\u00f6gliche Rechtsverst\u00f6\u00dfe \u00fcberpr\u00fcft. Rechtswidrige Inhalte waren zum Zeitpunkt der Verlinkung nicht erkennbar. Eine permanente inhaltliche Kontrolle der verlinkten Seiten ist jedoch ohne konkrete Anhaltspunkte einer Rechtsverletzung nicht zumutbar. Bei Bekanntwerden von Rechtsverletzungen werden wir derartige Links umgehend entfernen.\n\n<b>Urheberrecht<\/b>\n\nDie durch die Seitenbetreiber erstellten Inhalte und Werke auf diesen Seiten unterliegen dem deutschen Urheberrecht. Die Vervielf\u00e4ltigung, Bearbeitung, Verbreitung und jede Art der Verwertung au\u00dferhalb der Grenzen des Urheberrechtes bed\u00fcrfen der schriftlichen Zustimmung des jeweiligen Autors bzw. Erstellers. Downloads und Kopien dieser Seite sind nur f\u00fcr den privaten, nicht kommerziellen Gebrauch gestattet. Soweit die Inhalte auf dieser Seite nicht vom Betreiber erstellt wurden, werden die Urheberrechte Dritter beachtet. Insbesondere werden Inhalte Dritter als solche gekennzeichnet. Sollten Sie trotzdem auf eine Urheberrechtsverletzung aufmerksam werden, bitten wir um einen entsprechenden Hinweis. Bei Bekanntwerden von Rechtsverletzungen werden wir derartige Inhalte umgehend entfernen.\n\n<i>Quellverweis: <a href=\"http:\/\/www.e-recht24.de\/muster-disclaimer.html\" target=\"_blank\" rel=\"nofollow noopener\">eRecht24<\/a><\/i>\n\n&nbsp;\n\n<b>AGB<\/b>\n\nAllgemeine Gesch\u00e4ftsbedingungen f\u00fcr den Hotelaufnahmevertrag\n\n<b>I. Geltungsbereich<\/b>\n\n1. Diese Gesch\u00e4ftsbedingungen gelten f\u00fcr Vertr\u00e4ge \u00fcber die mietweise \u00dcberlassung von Hotelzimmern zur Beherbergung, sowie alle f\u00fcr den Kunden erbrachten weiteren Leistungen und Lieferungen des Hotels.\n\n2. Die Unter- oder Weitervermietung der \u00fcberlassenen Zimmer sowie deren Nutzung zu anderen als Beherbergungszwecken bed\u00fcrfen der vorherigen schriftlichen Zustimmung des Hotels, wobei \u00a7 540 Abs. 1 Satz 2 BGB abbedungen wird, soweit der Kunde nicht Verbraucher ist.\n\n3. Gesch\u00e4ftsbedingungen des Kunden finden nur Anwendung, wenn dies vorher ausdr\u00fccklich schriftlich vereinbart wurde.\n\n<b>II. Vertragsabschluss, -partner; Verj\u00e4hrung<\/b>\n\n1. Der Vertrag kommt durch die Annahme des Antrags des Kunden durch das Hotel zustande. Dem Hotel steht es frei, die Zimmerbuchung schriftlich zu best\u00e4tigen.Hotel und der Kunde. Hat ein Dritter f\u00fcr den Kunden bestellt, haftet er dem Hotel gegen\u00fcber zusammen mit dem Kunden als Gesamtschuldner f\u00fcr alle Verpflichtungen aus dem Hotelaufnahmevertrag, sofern dem Hotel eine entsprechende Erkl\u00e4rung des Dritten vorliegt.\n\n3. Alle Anspr\u00fcche gegen das Hotel verj\u00e4hren grunds\u00e4tzlich in einem Jahr ab dem Beginn der kenntnisabh\u00e4ngigen regelm\u00e4\u00dfigen Verj\u00e4hrungsfrist des \u00a7 199 Abs. 1 BGB. Schadensersatzanspr\u00fcche verj\u00e4hren kenntnisunabh\u00e4ngig in f\u00fcnf Jahren. Die Verj\u00e4hrungsverk\u00fcrzungen gelten nicht bei Anspr\u00fcchen, die auf einer vors\u00e4tzlichen oder grob fahrl\u00e4ssigen Pflichtverletzung des Hotels beruhen.\n\n<b>III. Leistungen, Preise, Zahlung, Aufrechnung<\/b>\n\n1. Das Hotel ist verpflichtet, die vom Kunden gebuchten Zimmer bereitzuhalten und die vereinbarten Leistungen zu erbringen.\n\n2. Der Kunde ist verpflichtet, die f\u00fcr die Zimmer\u00fcberlassung und die von ihm in Anspruch genommenen weiteren Leistungen geltenden bzw. vereinbarten Preise des Hotels zu zahlen. Dies gilt auch f\u00fcr vom Kunden veranlasste Leistungen und Auslagen des Hotels an Dritte.\n\n3. Die vereinbarten Preise schlie\u00dfen die jeweilige gesetzliche Mehrwertsteuer ein. \u00dcberschreitet der Zeitraum zwischen Vertragsabschluss und Vertragserf\u00fcllung vier Monate und erh\u00f6ht sich der vom Hotel allgemein f\u00fcr derartige Leistungen berechnete Preis, so kann dieses den vertraglich vereinbarten Preis angemessen, h\u00f6chstens jedoch um 5% anheben.\n\n4. Die Preise k\u00f6nnen vom Hotel ferner ge\u00e4ndert werden, wenn der Kunde nachtr\u00e4glich \u00c4nderungen der Anzahl der gebuchten Zimmer, der Leistung des Hotels oder der Aufenthaltsdauer der G\u00e4ste w\u00fcnscht und das Hotel dem zustimmt.\n\n5. Rechnungen des Hotels ohne F\u00e4lligkeitsdatum sind binnen 30 Tagen ab Zugang der Rechnung ohne Abzug zahlbar. Das Hotel ist berechtigt, aufgelaufene Forderungen jederzeit f\u00e4llig zu stellen und unverz\u00fcgliche Zahlung zu verlangen. Bei Zahlungsverzug ist das Hotel berechtigt, die jeweils geltenden gesetzlichen Verzugszinsen in H\u00f6he von derzeit 8% bzw. bei Rechtsgesch\u00e4ften, an denen ein Verbraucher beteiligt ist, in H\u00f6he von 5% \u00fcber dem Basiszinssatz zu verlangen. Dem Hotel bleibt der Nachweis eines h\u00f6heren Schadens vorbehalten.\n\n6. Das Hotel ist berechtigt, bei Vertragsschluss oder danach, unter Ber\u00fccksichtigung der rechtlichen Bestimmungen f\u00fcr Pauschalreisen, eine angemessene Vorauszahlung oder Sicherheitsleistung zu verlangen. Die H\u00f6he der Vorauszahlung und die Zahlungstermine k\u00f6nnen im Vertrag schriftlich vereinbart werden.\n\n7. Der Kunde kann nur mit einer unstreitigen oder rechtskr\u00e4ftigen Forderung gegen\u00fcber einer Forderung des Hotels aufrechnen oder mindern.\n\n<b>IV. R\u00fccktritt des Kunden (i. e. Abbestellung, Stornierung) \/ Nichtinanspruchnahme der Leistungen des Hotels<\/b>\n\n1. Ein R\u00fccktritt des Kunden von dem mit dem Hotel geschlossenen Vertrag bedarf der schriftlichen Zustimmung des Hotels. Erfolgt diese nicht, so ist der vereinbarte Preis aus dem Vertrag auch dann zu zahlen, wenn der Kunde vertragliche Leistungen nicht in Anspruch nimmt. Dies gilt nicht bei Verletzung der Verpflichtung des Hotels zur R\u00fccksichtnahme auf Rechte, Rechtsg\u00fcter und Interessen des Kunden, wenn diesem dadurch ein Festhalten am Vertrag nicht mehr zuzumuten ist oder ein sonstiges gesetzliches oder vertragliches R\u00fccktrittsrecht zusteht.\n\n2. Sofern zwischen dem Hotel und dem Kunden ein Termin zum kostenfreien R\u00fccktritt vom Vertrag schriftlich vereinbart wurde, kann der Kunde bis dahin vom Vertrag zur\u00fccktreten, ohne Zahlungs- oder Schadensersatzanspr\u00fcche des Hotels auszul\u00f6sen. Das R\u00fccktrittsrecht des Kunden erlischt, wenn er nicht bis zum vereinbarten Termin sein Recht zum R\u00fccktritt schriftlich gegen\u00fcber dem Hotel aus\u00fcbt, sofern nicht ein Fall des R\u00fccktritts des Kunden gem\u00e4\u00df Nummer 1 Satz 3 vorliegt.\n\n3. Bei vom Kunden nicht in Anspruch genommenen Zimmern hat das Hotel die Einnahmen aus anderweitiger Vermietung der Zimmer sowie die eingesparten Aufwendungen anzurechnen.\n\n4. Dem Hotel steht es frei, die vertraglich vereinbarte Verg\u00fctung zu verlangen und den Abzug f\u00fcr ersparte Aufwendungen zu pauschalieren. Der Kunde ist in diesem Fall verpflichtet, mindestens 80% des vertraglich vereinbarten Preises f\u00fcr \u00dcbernachtung mit Fr\u00fchst\u00fcck zu zahlen. Dem Kunden steht der Nachweis frei, dass der oben genannte Anspruch nicht oder nicht in der geforderten H\u00f6he entstanden ist.\n\n<b>V. R\u00fccktritt des Hotels<\/b>\n\n1. Sofern ein kostenfreies R\u00fccktrittsrecht des Kunden innerhalb einer bestimmten Frist schriftlich vereinbart wurde, ist das Hotel in diesem Zeitraum seinerseits berechtigt, vom Vertrag zur\u00fcckzutreten, wenn Anfragen anderer Kunden nach den vertraglich gebuchten Zimmern vorliegen und der Kunde auf R\u00fcckfrage des Hotels auf sein Recht zum R\u00fccktritt nicht verzichtet.\n\n2. Wird eine vereinbarte oder oben gem\u00e4\u00df Klausel III Nr. 6 verlangte Vorauszahlung auch nach Verstreichen einer vom Hotel gesetzten angemessenen Nachfrist nicht geleistet, so ist das Hotel ebenfalls zum R\u00fccktritt vom Vertrag berechtigt.\n\n3. Ferner ist das Hotel berechtigt, aus sachlich gerechtfertigtem Grund vom Vertrag au\u00dferordentlich zur\u00fcckzutreten, beispielsweise falls:\n\u2022 h\u00f6here Gewalt oder andere vom Hotel nicht zu vertretende Umst\u00e4nde die Erf\u00fcllung des Vertrages unm\u00f6glich machen;\n\u2022 Zimmer unter irref\u00fchrender oder falscher Angabe wesentlicher Tatsachen, z.B. in der Person des Kunden oder des Zwecks, gebucht werden;\n\u2022 das Hotel begr\u00fcndeten Anlass zu der Annahme hat, dass die Inanspruchnahme der Hotelleistung den reibungslosen Gesch\u00e4ftsbetrieb, die Sicherheit oder das Ansehen des Hotels in der \u00d6ffentlichkeit gef\u00e4hrden kann, ohne dass dies dem Herrschafts- bzw. Organisationsbereich des Hotels zuzurechnen ist;n Anspruch des Kunden auf Schadensersatz.\n\n<b>VI. Zimmerbereitstellung, -\u00fcbergabe und -r\u00fcckgabe<\/b>\n\n1. Der Kunde erwirbt keinen Anspruch auf die Bereitstellung bestimmter Zimmer.\n2. Gebuchte Zimmer stehen dem Kunden ab 15.00 Uhr des vereinbarten Anreisetages zur Verf\u00fcgung. Der Kunde hat keinen Anspruch auf fr\u00fchere Bereitstellung.\n3. Am vereinbarten Abreisetag sind die Zimmer dem Hotel sp\u00e4testens um 13.00 Uhr ger\u00e4umt zur Verf\u00fcgung zu stellen. Danach kann das Hotel aufgrund der versp\u00e4teten R\u00e4umung des Zimmers f\u00fcr dessen vertrags\u00fcberschreitende Nutzung bis 15.00 Uhr \u20ac 20,00, bei Nutzung bis 18.00 Uhr \u20ac 40,00 in Rechnung stellen, ab 18.00 Uhr 80%. Bei Fr\u00fchanreise vor 10.00 Uhr ist das Hotel berechtigt, 80% des Zimmerpreises in rechnung zu stellen. Vertragliche Anspr\u00fcche des Kunden werden hierdurch nicht begr\u00fcndet. Ihm steht es frei, nachzuweisen, dass dem Hotel kein oder ein wesentlich niedrigerer Anspruch auf Nutzungsentgelt entstanden ist.\n\n<b>VII. Haftung des Hotels<\/b>\n\n1. Das Hotel haftet mit der Sorgfalt eines ordentlichen Kaufmanns f\u00fcr seine Verpflichtungen aus dem Vertrag. Anspr\u00fcche des Kunden auf Schadensersatz sind ausgeschlossen. Hiervon ausgenommen sind Sch\u00e4den aus der Verletzung des Lebens, des K\u00f6rpers oder der Gesundheit, wenn das Hotel die Pflichtverletzung zu vertreten hat, sonstige Sch\u00e4den, die auf einer vors\u00e4tzlichen oder grob fahrl\u00e4ssigen Pflichtverletzung des Hotels beruhen und Sch\u00e4den, die auf einer vors\u00e4tzlichen oder fahrl\u00e4ssigen Verletzung von vertragstypischen Pflichten des Hotels beruhen. Einer Pflichtverletzung des Hotels steht die eines gesetzlichen Vertreters oder Erf\u00fcllungsgehilfen gleich. Sollten St\u00f6rungen oder M\u00e4ngel an den Leistungen des Hotels auftreten, wird das Hotel bei Kenntnis oder auf unverz\u00fcgliche R\u00fcge des Kunden bem\u00fcht sein, f\u00fcr Abhilfe zu sorgen. Der Kunde ist verpflichtet, das ihm Zumutbare beizutragen, um die St\u00f6rung zu beheben und einen m\u00f6glichen Schaden gering zu halten.\n\n2. Soweit dem Kunden ein Stellplatz in der Hotelgarage oder auf einem Hotelparkplatz, auch gegen Entgelt, zur Verf\u00fcgung gestellt wird, kommt dadurch kein Verwahrungsvertrag zustande. Bei Abhandenkommen oder Besch\u00e4digung auf dem Hotelgrundst\u00fcck abgestellter oder rangierter Kraftfahrzeuge und deren Inhalte haftet das Hotel nicht, au\u00dfer bei Vorsatz oder grober Fahrl\u00e4ssigkeit. Vorstehende Nummer 1 S\u00e4tze 2 bis 4 gelten entsprechend.\n\n3. Weckauftr\u00e4ge werden vom Hotel mit gr\u00f6\u00dfter Sorgfalt ausgef\u00fchrt. Nachrichten, Post und Warensendungen f\u00fcr die G\u00e4ste werden mit Sorgfalt behandelt. Das Hotel \u00fcbernimmt die Zustellung, Aufbewahrung und \u2013 auf Wunsch \u2013 gegen Entgelt die Nachsendung derselben. Vorstehende Nummer 1 S\u00e4tze 2 bis 4 gelten entsprechend.\/&gt;1. \u00c4nderungen oder Erg\u00e4nzungen des Vertrags, der Antragsannahme oder dieser Gesch\u00e4ftsbedingungen f\u00fcr die Hotelaufnahme sollen schriftlich erfolgen. Einseitige \u00c4nderungen oder Erg\u00e4nzungen durch den Kunden sind unwirksam.\n2. Erf\u00fcllungs- und Zahlungsort ist der Sitz des Hotels.\n3. Ausschlie\u00dflicher Gerichtsstand \u2013 auch f\u00fcr Scheck- und Wechselstreitigkeiten \u2013 ist im kaufm\u00e4nnischen Verkehr der Sitz des Hotels. Sofern ein Vertragspartner die Voraussetzung des \u00a7 38 Abs. 2 ZPO erf\u00fcllt und keinen allgemeinen Gerichtsstand im Inland hat, gilt als Gerichtsstand der Sitz des Hotels.\n4. Es gilt deutsches Recht. Die Anwendung des UN-Kaufrechts und des Kollisionsrechts ist ausgeschlossen.\n5. Sollten einzelne Bestimmungen dieser Allgemeinen Gesch\u00e4ftsbedingungen f\u00fcr die Hotelaufnahme unwirksam oder nichtig sein oder werden, so wird dadurch die Wirksamkeit der \u00fcbrigen Bestimmungen nicht ber\u00fchrt. Im \u00dcbrigen gelten die gesetzlichen Vorschriften.\n\t\t\t\t\t\t\t\t<\/div>\n\t\t\t\t<\/div>\n\t\t\t\t\t<\/div>\n\t\t<\/div>\n\t\t\t\t\t<\/div>\n\t\t<\/section>\n\t\t\t\t<\/div>\n\t\t","protected":false},"excerpt":{"rendered":"<p>Angaben gem\u00e4\u00df \u00a7 5 TMG: Hotel Concorde GmbH &amp; Co. KG Am Bahnhof 65812 Bad Soden &nbsp; Gesch\u00e4ftsf\u00fchrung: Andrea Weigand &amp; Irene Marx &nbsp; Kontakt: Telefon: 06196 \/ 209 -0 Telefax: 06196 \/ 270 75 E-Mail: info@hotel-concorde.de Registereintrag: Eintragung im [&hellip;]<\/p>\n","protected":false},"author":2,"featured_media":0,"parent":0,"menu_order":0,"comment_status":"closed","ping_status":"closed","template":"","meta":{"footnotes":""},"class_list":["post-2553","page","type-page","status-publish","hentry"],"aioseo_notices":[],"_links":{"self":[{"href":"https:\/\/www.hotel-concorde.de\/relaunch\/wp-json\/wp\/v2\/pages\/2553","targetHints":{"allow":["GET"]}}],"collection":[{"href":"https:\/\/www.hotel-concorde.de\/relaunch\/wp-json\/wp\/v2\/pages"}],"about":[{"href":"https:\/\/www.hotel-concorde.de\/relaunch\/wp-json\/wp\/v2\/types\/page"}],"author":[{"embeddable":true,"href":"https:\/\/www.hotel-concorde.de\/relaunch\/wp-json\/wp\/v2\/users\/2"}],"replies":[{"embeddable":true,"href":"https:\/\/www.hotel-concorde.de\/relaunch\/wp-json\/wp\/v2\/comments?post=2553"}],"version-history":[{"count":19,"href":"https:\/\/www.hotel-concorde.de\/relaunch\/wp-json\/wp\/v2\/pages\/2553\/revisions"}],"predecessor-version":[{"id":3004,"href":"https:\/\/www.hotel-concorde.de\/relaunch\/wp-json\/wp\/v2\/pages\/2553\/revisions\/3004"}],"wp:attachment":[{"href":"https:\/\/www.hotel-concorde.de\/relaunch\/wp-json\/wp\/v2\/media?parent=2553"}],"curies":[{"name":"wp","href":"https:\/\/api.w.org\/{rel}","templated":true}]}}